{"id":25,"date":"2018-03-16T17:19:06","date_gmt":"2018-03-16T14:19:06","guid":{"rendered":"http:\/\/www.dayinlarli.gen.tr\/av-prof-dr-kemal-dayinlarli\/"},"modified":"2019-05-16T10:19:24","modified_gmt":"2019-05-16T07:19:24","slug":"av-prof-dr-kemal-dayinlarli","status":"publish","type":"page","link":"https:\/\/www.dayinlarli.gen.tr\/fr\/av-prof-dr-kemal-dayinlarli\/","title":{"rendered":"Av. Prof. Dr. Kemal Day\u0131nlarl\u0131"},"content":{"rendered":"<ul>\n<li>Docteur en droit (1989)<\/li>\n<li>Professeur agr\u00e9g\u00e9 (1993)<\/li>\n<li>Professeur du droit (2000)<\/li>\n<\/ul>\n<p><img loading=\"lazy\" decoding=\"async\" class=\"alignright size-full wp-image-422\" src=\"http:\/\/www.dayinlarli.gen.tr\/wp-content\/uploads\/2019\/05\/av-prof-dr-kemal-dayinlarli-resim.jpg\" alt=\"\" width=\"280\" height=\"359\" srcset=\"https:\/\/www.dayinlarli.gen.tr\/wp-content\/uploads\/2019\/05\/av-prof-dr-kemal-dayinlarli-resim.jpg 280w, https:\/\/www.dayinlarli.gen.tr\/wp-content\/uploads\/2019\/05\/av-prof-dr-kemal-dayinlarli-resim-234x300.jpg 234w, https:\/\/www.dayinlarli.gen.tr\/wp-content\/uploads\/2019\/05\/av-prof-dr-kemal-dayinlarli-resim-114x146.jpg 114w, https:\/\/www.dayinlarli.gen.tr\/wp-content\/uploads\/2019\/05\/av-prof-dr-kemal-dayinlarli-resim-39x50.jpg 39w, https:\/\/www.dayinlarli.gen.tr\/wp-content\/uploads\/2019\/05\/av-prof-dr-kemal-dayinlarli-resim-58x75.jpg 58w\" sizes=\"auto, (max-width:767px) 280px, 280px\" \/>Il a commenc\u00e9 \u00e0 exercer la profession d\u2019avocat en 1965 \u00e0 Zonguldak. Il est avocat inscrit au Barreau d\u2019Ankara depuis 1970 \u00e0 ce jour.<\/p>\n<p>Il est arbitre dans la liste du Comit\u00e9 National de Turquie de la Chambre du Commerce Internationale.<\/p>\n<p>Il est arbitre dans la liste de l\u2019Union des Chambres de Commerce en Turquie.<\/p>\n<p>Prof. Dr. Kemal DAYINLARLI a son Cabinet d\u2019avocats o\u00f9 il remplit des fonctions comme arbitre ou avocat pour les arbitrages internes et internationaux. Il est conseiller depuis plus de 40 ans de certaines soci\u00e9t\u00e9s \u00e9trang\u00e8res qui sont install\u00e9es en Turquie sur contrats d\u2019entreprise, droit international priv\u00e9, investissements des \u00e9trangers, droit commercial, \u00e9nergie etc\u2026<\/p>\n<p>A ce jour, il a publi\u00e9 45 ouvrages (en turc, en fran\u00e7ais, en anglais) dans le domaine de certaines disciplines du droit. Les 74 unit\u00e9s de la Jurisprudence du Tribunal F\u00e9d\u00e9rale Suisse ont \u00e9t\u00e9 traduites par l\u2019auteur et elles ont \u00e9t\u00e9 publi\u00e9es dans la Revue de la Cour de Cassation ou dans la Revue de Justice du Minist\u00e8re de la Justice. Entre autre, les 19 articles r\u00e9dig\u00e9s par l\u2019auteur ont \u00e9t\u00e9 publies dans certains ouvrages de M\u00e9langes.<\/p>\n<p>Il est professeur \u00e0 la Facult\u00e9 de Droit de l\u2019Universit\u00e9 d\u2019ATILIM \u00e0 Ankara. Il donne aussi des cours sur l\u2019arbitrage international \u00e0 l\u2019Institut des Recherches de Droit Bancaire et Commercial \u00e0 Ankara.<\/p>\n<p>Il a traduit en turc le Principes Relatifs aux Contrats du Commerce International, Rome 2004 (UNIDROIT) ainsi que les Principes du Droit Europ\u00e9en du Contrat (Principes OLE LANDO).<\/p>\n<p>Le 20 mars 1987 il a \u00e9t\u00e9 \u00e9lev\u00e9 au rang de Chevalier de la L\u00e9gion d\u2019Honneur par le Pr\u00e9sident de la R\u00e9publique Fran\u00e7ais, Fran\u00e7ois MITTERRAND.<\/p>\n","protected":false},"excerpt":{"rendered":"<p>Docteur en droit (1989) Professeur agr\u00e9g\u00e9 (1993) Professeur du droit (2000) Il a commenc\u00e9 \u00e0 exercer la profession d\u2019avocat en 1965 \u00e0 Zonguldak. Il est avocat<span class=\"excerpt-hellip\"> [\u2026]<\/span><\/p>\n","protected":false},"author":1,"featured_media":0,"parent":0,"menu_order":0,"comment_status":"closed","ping_status":"closed","template":"","meta":{"footnotes":""},"class_list":["post-25","page","type-page","status-publish","hentry"],"_links":{"self":[{"href":"https:\/\/www.dayinlarli.gen.tr\/fr\/wp-json\/wp\/v2\/pages\/25","targetHints":{"allow":["GET"]}}],"collection":[{"href":"https:\/\/www.dayinlarli.gen.tr\/fr\/wp-json\/wp\/v2\/pages"}],"about":[{"href":"https:\/\/www.dayinlarli.gen.tr\/fr\/wp-json\/wp\/v2\/types\/page"}],"author":[{"embeddable":true,"href":"https:\/\/www.dayinlarli.gen.tr\/fr\/wp-json\/wp\/v2\/users\/1"}],"replies":[{"embeddable":true,"href":"https:\/\/www.dayinlarli.gen.tr\/fr\/wp-json\/wp\/v2\/comments?post=25"}],"version-history":[{"count":2,"href":"https:\/\/www.dayinlarli.gen.tr\/fr\/wp-json\/wp\/v2\/pages\/25\/revisions"}],"predecessor-version":[{"id":425,"href":"https:\/\/www.dayinlarli.gen.tr\/fr\/wp-json\/wp\/v2\/pages\/25\/revisions\/425"}],"wp:attachment":[{"href":"https:\/\/www.dayinlarli.gen.tr\/fr\/wp-json\/wp\/v2\/media?parent=25"}],"curies":[{"name":"wp","href":"https:\/\/api.w.org\/{rel}","templated":true}]}}