{"id":47,"date":"2018-03-19T10:30:19","date_gmt":"2018-03-19T07:30:19","guid":{"rendered":"http:\/\/www.dayinlarli.gen.tr\/kadromuz\/"},"modified":"2018-03-19T10:35:36","modified_gmt":"2018-03-19T07:35:36","slug":"les-members-du-cabinet","status":"publish","type":"page","link":"https:\/\/www.dayinlarli.gen.tr\/fr\/les-members-du-cabinet\/","title":{"rendered":"Les Members Du Cabinet"},"content":{"rendered":"<h2 style=\"text-align: center;\">AVOCAT<\/h2>\n<hr class=\" hr_color\" style=\"margin:0 auto 30px;\"\/>\n\n<p><strong>Deniz TANDO\u011eAN<\/strong><\/p>\n<p><strong>Education:<\/strong><\/p>\n<ul>\n<li>Facult\u00e9 de Droit de l\u2019Universit\u00e9 d\u2019Ankara, Licence, 2005<\/li>\n<li>Les \u00e9tudes de m\u00e9moire de maitrise en droit commerce international \u00e0 l\u2019Universit\u00e9 de Wales, 2006<\/li>\n<\/ul>\n<p><strong>Affiliation:<\/strong> Membre du Barreau d\u2019Ankara<\/p>\n<p><strong>Stages\/Certificats:<\/strong><\/p>\n<ul>\n<li>Cours d\u2019\u00e9t\u00e9 en droit de l\u2019Union Europ\u00e9en, Coll\u00e8ge de King, London 2009<\/li>\n<li>Les droits de l\u2019homme, Barreau d\u2019Ankara, 2006<\/li>\n<\/ul>\n<p><strong>Langues \u00c9trang\u00e8res:<\/strong> Anglais, Turc<\/p>\n<hr class=\" hr_color\" style=\"margin:0 auto 30px;\"\/>\n\n","protected":false},"excerpt":{"rendered":"<p>AVOCAT Deniz TANDO\u011eAN Education: Facult\u00e9 de Droit de l\u2019Universit\u00e9 d\u2019Ankara, Licence, 2005 Les \u00e9tudes de m\u00e9moire de maitrise en droit commerce international \u00e0 l\u2019Universit\u00e9 de Wales,<span class=\"excerpt-hellip\"> [\u2026]<\/span><\/p>\n","protected":false},"author":1,"featured_media":0,"parent":0,"menu_order":0,"comment_status":"closed","ping_status":"closed","template":"","meta":{"footnotes":""},"class_list":["post-47","page","type-page","status-publish","hentry"],"_links":{"self":[{"href":"https:\/\/www.dayinlarli.gen.tr\/fr\/wp-json\/wp\/v2\/pages\/47","targetHints":{"allow":["GET"]}}],"collection":[{"href":"https:\/\/www.dayinlarli.gen.tr\/fr\/wp-json\/wp\/v2\/pages"}],"about":[{"href":"https:\/\/www.dayinlarli.gen.tr\/fr\/wp-json\/wp\/v2\/types\/page"}],"author":[{"embeddable":true,"href":"https:\/\/www.dayinlarli.gen.tr\/fr\/wp-json\/wp\/v2\/users\/1"}],"replies":[{"embeddable":true,"href":"https:\/\/www.dayinlarli.gen.tr\/fr\/wp-json\/wp\/v2\/comments?post=47"}],"version-history":[{"count":2,"href":"https:\/\/www.dayinlarli.gen.tr\/fr\/wp-json\/wp\/v2\/pages\/47\/revisions"}],"predecessor-version":[{"id":52,"href":"https:\/\/www.dayinlarli.gen.tr\/fr\/wp-json\/wp\/v2\/pages\/47\/revisions\/52"}],"wp:attachment":[{"href":"https:\/\/www.dayinlarli.gen.tr\/fr\/wp-json\/wp\/v2\/media?parent=47"}],"curies":[{"name":"wp","href":"https:\/\/api.w.org\/{rel}","templated":true}]}}